{"id":2353,"date":"2021-05-19T12:37:42","date_gmt":"2021-05-19T12:37:42","guid":{"rendered":"https:\/\/landing.sensiaresidences.com\/privacy-policy\/"},"modified":"2021-05-19T12:37:42","modified_gmt":"2021-05-19T12:37:42","slug":"privacy-policy","status":"publish","type":"page","link":"https:\/\/landing.sensiaresidences.com\/en\/privacy-policy\/","title":{"rendered":"Privacy Policy"},"content":{"rendered":"<p>EN A trav\u00e9s de la presente pol\u00edtica de privacidad PROMOCIONES LLADERO, S.A. desea informar a todas las personas que naveguen y accedan al sitio web sensiaresedences.com sobre los tratamientos de datos personales realizados.<\/p>\n<p>El acceso al sitio web no requiere un registro previo. Antes del env\u00edo de cualquier solicitud de informaci\u00f3n a trav\u00e9s del formulario de contacto de esta p\u00e1gina web, el usuario debe aceptar la pol\u00edtica de privacidad, con el fin de prestar el consentimiento expreso e informado por el tratamiento de los datos con las finalidades indicadas.<\/p>\n<p>PROMOCIONES LLADERO, S.A., de conformidad con el Reglamento (UE) 2016\/679, de 27 de abril de 2016, relativo a la protecci\u00f3n de las personas f\u00edsicas en lo que respecta al tratamiento de datos personales y a la libre circulaci\u00f3n de estos datos, as\u00ed como con la Ley Org\u00e1nica 3\/2018, de 5 de diciembre, de Protecci\u00f3n de Datos Personales y garant\u00eda de los derechos digitales, en calidad de Responsable del Tratamiento de los datos personales proporcionados, le facilita la siguiente informaci\u00f3n:<\/p>\n<p>&nbsp;<\/p>\n<p>Responsable del Tratamiento:<\/p>\n<p>\u00b7 Raz\u00f3n Social: PROMOCIONES LLADERO, S.A.<br \/>\n\u00b7 NIF: A83284018<br \/>\n\u00b7 Domicilio social: C\/ Pedro i Pons, n\u00ba9-11, 6\u00ba2\u00aa, 08034, Barcelona<\/p>\n<p>&nbsp;<\/p>\n<h3>Finalidad del tratamiento:<\/h3>\n<p>&nbsp;<\/p>\n<p>Tratamos los datos y la informaci\u00f3n que nos facilitan las personas interesadas con la finalidad de:<\/p>\n<p>1. Gestionar el uso de las funcionalidades puestas a disposici\u00f3n a trav\u00e9s del Sitio Web, entre ellas, la respuesta a solicitudes y\/o consultas realizadas.<\/p>\n<p>Los datos tratados con esta finalidad se conservar\u00e1n mientras se mantenga la relaci\u00f3n contractual y\/o negocial entre el Usuario y PROMOCIONES LLADERO, S.A. Para el caso de que las solicitudes efectuadas por un usuario no mantengan una relaci\u00f3n contractual, los datos se conservar\u00e1n hasta haber resuelto dicha solicitud.<\/p>\n<p>&nbsp;<\/p>\n<p>2. Mantener informados a los Usuarios de los servicios de PROMOCIONES LLADERO, S.A., a trav\u00e9s de correo electr\u00f3nico o medios de comunicaci\u00f3n electr\u00f3nica equivalentes, siempre que el Usuario haya prestado su consentimiento marcando la casilla correspondiente.<\/p>\n<p>&nbsp;<\/p>\n<p>3. En caso de que presente por v\u00eda electr\u00f3nica y\/o a trav\u00e9s de un formulario web, su curr\u00edculum a nuestra empresa, sus datos se tratar\u00e1n confidencialmente y con la finalidad exclusiva de la tramitaci\u00f3n de su candidatura. La transmisi\u00f3n de datos tendr\u00e1 lugar de forma cifrada. En caso de producirse alguna modificaci\u00f3n en sus datos, le rogamos nos lo comunique por escrito lo antes posible, con objeto de mantener sus datos debidamente actualizados.<\/p>\n<p>&nbsp;<\/p>\n<h3>Legitimaci\u00f3n:<\/h3>\n<p>&nbsp;<\/p>\n<p>El tratamiento de dichos datos est\u00e1 legitimado por la ejecuci\u00f3n de las obligaciones contractuales y\/o negociales.<\/p>\n<p>&nbsp;<\/p>\n<h3>Criterios de conservaci\u00f3n de los datos:<\/h3>\n<p>&nbsp;<\/p>\n<p>Los datos no se conservar\u00e1n m\u00e1s tiempo del necesario para los cuales han sido recabados, excepto que exista una obligaci\u00f3n legal.<\/p>\n<p>&nbsp;<\/p>\n<h3>Comunicaci\u00f3n de los datos:<\/h3>\n<p>&nbsp;<\/p>\n<p>No se comunicar\u00e1n datos a terceros, excepto obligaci\u00f3n legal o con el consentimiento expreso del interesado.<\/p>\n<p>&nbsp;<\/p>\n<h3>Transferencias internacionales de datos:<\/h3>\n<p>&nbsp;<\/p>\n<p>No se realizan Transferencias Internacionales de datos a terceros pa\u00edses fuera de la Uni\u00f3n Europea.<\/p>\n<p>&nbsp;<\/p>\n<h3>Derechos que asisten al Interesado:<\/h3>\n<p>&nbsp;<\/p>\n<p>El interesado tiene derecho a retirar el consentimiento en cualquier momento. Asimismo, le informamos que podr\u00e1 ejercer sus derechos de acceso, rectificaci\u00f3n y supresi\u00f3n (Derecho al olvido), limitaci\u00f3n de los datos, portabilidad de los datos y oposici\u00f3n, enviando un escrito a C\/ Pedro i Pons, n\u00ba9-11, 6\u00ba2\u00aa, 08034, Barcelona.<br \/>\n&nbsp;<\/p>\n<p>Asimismo, se informa al interesado que podr\u00e1 revocar el consentimiento del env\u00edo de comunicaciones comerciales enviando un correo electr\u00f3nico a compliance@bcapital.es.<\/p>\n<p>La persona interesada puede presentar una reclamaci\u00f3n ante la autoridad de control en materia de protecci\u00f3n de datos competente, que actualmente es la Agencia Espa\u00f1ola de Protecci\u00f3n de Datos (AEPD), a trav\u00e9s de su sede electr\u00f3nica: www.sedeagpd.gob.es\/sede-electronica-web, o enviando un escrito a C\/ Jorge Juan n\u00ba6 \u2013 28001 MADRID.<\/p>\n<p>&nbsp;<\/p>\n<h3>\u00bfEs obligatorio proporcionar toda la informaci\u00f3n solicitada en el apartado de contacto?<\/h3>\n<p>&nbsp;<\/p>\n<p>En cuanto a los formularios del Sitio Web, el Usuario tiene que cumplimentar los marcados como \u201crequerido\u201d. No completar los datos personales requeridos o hacerlo parcialmente puede suponer que PROMOCIONES LLADERO, S.A. no pueda atender sus solicitudes y, en consecuencia, PROMOCIONES LLADERO, S.A. quedar\u00e1 exonerada de toda responsabilidad por la no prestaci\u00f3n o la prestaci\u00f3n incompleta de los servicios solicitados.<br \/>\nLos datos personales que el Usuario facilita a PROMOCIONES LLADERO, S.A. tienen que ser actuales para que la informaci\u00f3n de los registros est\u00e9 actualiza y sin errores. El Usuario responder\u00e1 de la veracidad de los datos facilitados.<\/p>\n<p>&nbsp;<\/p>\n<h3>\u00bfQu\u00e9 medidas de seguridad tiene implantada la empresa?<\/h3>\n<p>&nbsp;<\/p>\n<p>PROMOCIONES LLADERO, S.A. informa que el tratamiento que realiza de datos personales se realiza en todo momento de conformidad con la normativa aplicable en materia de protecci\u00f3n de datos y de los servicios de la sociedad de la informaci\u00f3n.<br \/>\nPROMOCIONES LLADERO, S.A. tiene implantadas las medidas de seguridad de \u00edndole t\u00e9cnica y organizativas necesarias que garanticen la seguridad de los datos de car\u00e1cter personal del Usuario y eviten su alteraci\u00f3n, p\u00e9rdida, tratamiento y\/o acceso no autorizado de acuerdo con el estado de la tecnolog\u00eda, la naturaleza de los datos almacenados y los riesgos a los que est\u00e1n expuestos, ya provengan de la acci\u00f3n humana o del medio f\u00edsico o natural, en conformidad con el que prev\u00e9 la normativa vigente.<\/p>\n","protected":false},"excerpt":{"rendered":"<p>EN A trav\u00e9s de la presente pol\u00edtica de privacidad PROMOCIONES LLADERO, S.A. desea informar a todas las personas que naveguen y accedan al sitio web sensiaresedences.com sobre los tratamientos de datos personales realizados. El acceso al sitio web no requiere un registro previo. Antes del env\u00edo de cualquier solicitud de informaci\u00f3n a trav\u00e9s del formulario [&hellip;]<\/p>\n","protected":false},"author":1,"featured_media":0,"parent":0,"menu_order":0,"comment_status":"closed","ping_status":"open","template":"templates\/page-legal.php","meta":[],"acf":[],"_links":{"self":[{"href":"https:\/\/landing.sensiaresidences.com\/en\/wp-json\/wp\/v2\/pages\/2353"}],"collection":[{"href":"https:\/\/landing.sensiaresidences.com\/en\/wp-json\/wp\/v2\/pages"}],"about":[{"href":"https:\/\/landing.sensiaresidences.com\/en\/wp-json\/wp\/v2\/types\/page"}],"author":[{"embeddable":true,"href":"https:\/\/landing.sensiaresidences.com\/en\/wp-json\/wp\/v2\/users\/1"}],"replies":[{"embeddable":true,"href":"https:\/\/landing.sensiaresidences.com\/en\/wp-json\/wp\/v2\/comments?post=2353"}],"version-history":[{"count":0,"href":"https:\/\/landing.sensiaresidences.com\/en\/wp-json\/wp\/v2\/pages\/2353\/revisions"}],"wp:attachment":[{"href":"https:\/\/landing.sensiaresidences.com\/en\/wp-json\/wp\/v2\/media?parent=2353"}],"curies":[{"name":"wp","href":"https:\/\/api.w.org\/{rel}","templated":true}]}}