{"id":2352,"date":"2022-02-04T11:43:55","date_gmt":"2022-02-04T11:43:55","guid":{"rendered":"https:\/\/landing.sensiaresidences.com\/cookie-policy\/"},"modified":"2022-02-04T11:43:55","modified_gmt":"2022-02-04T11:43:55","slug":"cookie-policy","status":"publish","type":"page","link":"https:\/\/landing.sensiaresidences.com\/en\/cookie-policy\/","title":{"rendered":"Cookie Policy"},"content":{"rendered":"<p>EN <\/p>\n<h3>1. \u00bfQu\u00e9 son las cookies y por qu\u00e9 las utilizamos en el sitio web?<\/h3>\n<p>&nbsp;<\/p>\n<p>Una cookie es un archivo que se descarga en el dispositivo del usuario para acceder a un determinado sitio web para almacenar y recuperar informaci\u00f3n sobre la navegaci\u00f3n que se hace en el ordenador.<br \/>\nLas cookies permiten a este sitio web, entre otras cosas, almacenar y recuperar informaci\u00f3n sobre las opciones y los h\u00e1bitos del usuario. En este sitio web, las cookies que existen son necesarias para el funcionamiento de este.<br \/>\nEs importante tener en cuenta que el uso de cookies no proporciona datos personales del usuario.<\/p>\n<p>&nbsp;<\/p>\n<h3>2. \u00bfQu\u00e9 tipo de cookies existen?<\/h3>\n<p>&nbsp;<\/p>\n<p>Las cookies, en funci\u00f3n del tiempo que permanecen activadas, pueden dividirse en cookies de sesi\u00f3n o permanentes:<\/p>\n<p>\u00b7 Cookies de sesi\u00f3n: los datos que recaban y almacenan estas cookies se recogen mientras el usuario navega por la p\u00e1gina web, y son eliminadas al cerrar el navegador. Se suelen emplear para almacenar informaci\u00f3n que interesa conservar para la prestaci\u00f3n del servicio solicitado por el usuario en una sola ocasi\u00f3n<\/p>\n<p>\u00b7 Cookies persistentes: mediante estas cookies los datos contin\u00faan almacenados en el terminal durante un per\u00edodo de tiempo determinado, facilitando as\u00ed el control de las preferencias elegidas sin tener que repetir ciertos par\u00e1metros cada vez que se visite el sitio web.<\/p>\n<p>Adicionalmente, seg\u00fan la entidad que las gestione, las cookies pueden clasificarse en propias o de tercero:<\/p>\n<p>\u00b7 Cookies propias: estas cookies se env\u00edan al equipo terminal del usuario desde un equipo o dominio gestionado por el propio editor y desde el cual se presta el servicio solicitado por el usuario.<\/p>\n<p>\u00b7 Cookies de terceros: estas cookies se env\u00edan al equipo terminal del usuario desde un equipo o dominio que no es gestionado por el editor, sino por otra entidad que trata los datos obtenidos trav\u00e9s de las cookies.<\/p>\n<p>En cuanto a la finalidad, las cookies pueden ser:<\/p>\n<p>\u00b7 Cookies t\u00e9cnicas: estas cookies permiten controlar el tr\u00e1fico y la comunicaci\u00f3n de datos.<\/p>\n<p>\u00b7 Cookies de personalizaci\u00f3n: estas cookies dejan acceder a los usuarios seg\u00fan algunas caracter\u00edsticas propias que se recogen (navegador, idioma, etc.).<\/p>\n<p>\u00b7 Cookies de an\u00e1lisis: estas cookies permiten al responsable de las mismas el seguimiento y an\u00e1lisis del comportamiento de los usuarios de los sitios web y permiten elaborar un perfil de usuario.<\/p>\n<p>\u00b7 Cookies publicitarias: estas cookies recogen datos sobre la gesti\u00f3n de los espacios publicitarios.<\/p>\n<p>&nbsp;<\/p>\n<h3>3. \u00bfQu\u00e9 tipo de cookies utiliza esta web?<\/h3>\n<p>Con el fin de ofrecerle el mejor servicio y a fin de facilitar el uso, se analizan el n\u00famero de p\u00e1ginas visitadas, el n\u00famero de visitas, as\u00ed como la actividad de los visitantes y su frecuencia de utilizaci\u00f3n. A tal efecto, Promociones Lladero S.A. utiliza la informaci\u00f3n estad\u00edstica elaborada por el Proveedor de Servicios de Internet.<\/p>\n<p>Promociones Lladero S.A. no utiliza cookies para recoger informaci\u00f3n de los usuarios, ni registra las direcciones IP de acceso. \u00danicamente se utilizan cookies propias, de sesi\u00f3n, con finalidad t\u00e9cnica (aquellas que permiten al usuario la navegaci\u00f3n a trav\u00e9s del sitio web y la utilizaci\u00f3n de las diferentes opciones y servicios que en ella existen).<\/p>\n<p>&nbsp;<\/p>\n<h3>4. \u00bfC\u00f3mo deshabilitar las cookies de su navegador?<\/h3>\n<p>El usuario puede permitir, bloquear o eliminar las cookies instaladas en su equipo mediante la configuraci\u00f3n de las opciones del navegador instalado en su ordenador. Por favor, lee atentamente la secci\u00f3n de ayuda de su navegador para conocer m\u00e1s acerca de c\u00f3mo activar el \u201cmodo privado\u201d o desbloquear determinadas cookies.<\/p>\n<p>Informaci\u00f3n sobre cookies para\u00a0<a href=\"https:\/\/support.microsoft.com\/es-es\/help\/17442\/windows-internet-explorer-delete-manage-cookies\">Internet Explorer<\/a>.<br \/>\nInformaci\u00f3n sobre cookies para\u00a0<a href=\"https:\/\/support.mozilla.org\/es\/kb\/habilitar-y-deshabilitar-cookies-que-los-sitios-we\">Mozilla Firefox<\/a>.<br \/>\nInformaci\u00f3n sobre cookies para\u00a0<a href=\"http:\/\/help.opera.com\/Windows\/11.50\/es-ES\/cookies.html\">Opera<\/a>.<br \/>\nInformaci\u00f3n sobre cookies para\u00a0<a href=\"https:\/\/support.google.com\/accounts\/answer\/61416?hl=es\">Google Chrome<\/a>.<br \/>\nInformaci\u00f3n sobre cookies para\u00a0<a href=\"https:\/\/support.apple.com\/es-es\/HT201265\">Safari<\/a>.<\/p>\n","protected":false},"excerpt":{"rendered":"<p>EN 1. \u00bfQu\u00e9 son las cookies y por qu\u00e9 las utilizamos en el sitio web? &nbsp; Una cookie es un archivo que se descarga en el dispositivo del usuario para acceder a un determinado sitio web para almacenar y recuperar informaci\u00f3n sobre la navegaci\u00f3n que se hace en el ordenador. Las cookies permiten a este [&hellip;]<\/p>\n","protected":false},"author":1,"featured_media":0,"parent":0,"menu_order":0,"comment_status":"closed","ping_status":"closed","template":"templates\/page-legal.php","meta":[],"acf":[],"_links":{"self":[{"href":"https:\/\/landing.sensiaresidences.com\/en\/wp-json\/wp\/v2\/pages\/2352"}],"collection":[{"href":"https:\/\/landing.sensiaresidences.com\/en\/wp-json\/wp\/v2\/pages"}],"about":[{"href":"https:\/\/landing.sensiaresidences.com\/en\/wp-json\/wp\/v2\/types\/page"}],"author":[{"embeddable":true,"href":"https:\/\/landing.sensiaresidences.com\/en\/wp-json\/wp\/v2\/users\/1"}],"replies":[{"embeddable":true,"href":"https:\/\/landing.sensiaresidences.com\/en\/wp-json\/wp\/v2\/comments?post=2352"}],"version-history":[{"count":0,"href":"https:\/\/landing.sensiaresidences.com\/en\/wp-json\/wp\/v2\/pages\/2352\/revisions"}],"wp:attachment":[{"href":"https:\/\/landing.sensiaresidences.com\/en\/wp-json\/wp\/v2\/media?parent=2352"}],"curies":[{"name":"wp","href":"https:\/\/api.w.org\/{rel}","templated":true}]}}